{"id":61,"date":"2020-01-23T18:21:52","date_gmt":"2020-01-23T18:21:52","guid":{"rendered":"https:\/\/demosites.io\/web-agency-gb\/?page_id=61"},"modified":"2021-03-10T15:13:27","modified_gmt":"2021-03-10T14:13:27","slug":"15c42-web-agency-gb-about-us","status":"publish","type":"page","link":"https:\/\/www.bostconsult.de\/?page_id=61","title":{"rendered":"About Us"},"content":{"rendered":"\n<div class=\"wp-block-themeisle-blocks-advanced-columns alignfull has-2-columns has-desktop-equal-layout has-tablet-equal-layout has-mobile-collapsedRows-layout has-wide-gap has-vertical-center\" id=\"wp-block-themeisle-blocks-advanced-columns-881ac1fd\"><div class=\"wp-block-themeisle-blocks-advanced-columns-overlay\"><\/div><div class=\"innerblocks-wrap\">\n<div class=\"wp-block-themeisle-blocks-advanced-column\" id=\"wp-block-themeisle-blocks-advanced-column-f5c70949\">\n<div class=\"wp-block-themeisle-blocks-service\">\n<h1 id=\"wp-block-themeisle-blocks-advanced-heading-e89d0f63\" class=\"wp-block-themeisle-blocks-advanced-heading wp-block-themeisle-blocks-advanced-heading-e89d0f63\">\u00dcber uns<\/h1>\n<\/div>\n<\/div>\n\n\n\n<div class=\"wp-block-themeisle-blocks-advanced-column\" id=\"wp-block-themeisle-blocks-advanced-column-ac80808d\"><\/div>\n<\/div><\/div>\n\n\n\n<div class=\"wp-block-themeisle-blocks-advanced-columns alignfull has-2-columns has-desktop-equal-layout has-tablet-equal-layout has-mobile-collapsedRows-layout has-nogap-gap has-vertical-center\" id=\"wp-block-themeisle-blocks-advanced-columns-5cb0cd33\"><div class=\"wp-block-themeisle-blocks-advanced-columns-overlay\"><\/div><div class=\"innerblocks-wrap\">\n<div class=\"wp-block-themeisle-blocks-advanced-column\" id=\"wp-block-themeisle-blocks-advanced-column-0c1f2d7c\">\n<figure class=\"wp-block-image size-large is-resized\"><img loading=\"lazy\" decoding=\"async\" src=\"\/wp-content\/uploads\/2021\/03\/AdobeStock_51004593-1024x677.jpeg\" alt=\"\" class=\"wp-image-428\" width=\"470\" height=\"315\"\/><\/figure>\n<\/div>\n\n\n\n<div class=\"wp-block-themeisle-blocks-advanced-column ticss-44eccd86\" id=\"wp-block-themeisle-blocks-advanced-column-51d4c12c\">\n<h3 class=\"wp-block-heading\">Allgemein<\/h3>\n\n\n\n<p class=\"has-medium-font-size\"><\/p>\n\n\n\n<p>Die Bost-Consult GmbH ist ein IT-Unternehmen in den Bereichen IT-Beratung, Software-Entwicklung und IT-Support.<\/p>\n\n\n\n<p>Seit 1999 bieten wir unseren Kunden professionelle Dienstleistungen auf Basis moderner Technologien an.<\/p>\n\n\n\n<p>Das Unternehmen hat seinen Sitz in Oberhaching bei M\u00fcnchen.<\/p>\n<\/div>\n<\/div><\/div>\n\n\n\n<div class=\"wp-block-themeisle-blocks-advanced-columns alignfull has-2-columns has-desktop-equal-layout has-tablet-equal-layout has-mobile-collapsedRows-layout has-nogap-gap has-vertical-center\" id=\"wp-block-themeisle-blocks-advanced-columns-e4135820\"><div class=\"wp-block-themeisle-blocks-advanced-columns-overlay\"><\/div><div class=\"innerblocks-wrap\">\n<div class=\"wp-block-themeisle-blocks-advanced-column\" id=\"wp-block-themeisle-blocks-advanced-column-c0b59918\">\n<h3 class=\"has-neve-link-color-color has-text-color wp-block-heading\">Team<\/h3>\n\n\n\n<p class=\"has-black-color has-text-color\">Wir sind ein qualifiziertes, erfahrenes und engagiertes Team, das durch die einzelnen Kenntnisse und F\u00e4higkeiten ein breites Anforderungsspektrum abdeckt.<\/p>\n<\/div>\n\n\n\n<div class=\"wp-block-themeisle-blocks-advanced-column\" id=\"wp-block-themeisle-blocks-advanced-column-7b04bffd\">\n<figure class=\"wp-block-image size-large is-resized\"><img loading=\"lazy\" decoding=\"async\" src=\"\/wp-content\/uploads\/2021\/03\/AdobeStock_269761291-1024x683.jpeg\" alt=\"\" class=\"wp-image-431\" width=\"470\" height=\"315\" srcset=\"\/wp-content\/uploads\/2021\/03\/AdobeStock_269761291-300x200.jpeg 300w, \/wp-content\/uploads\/2021\/03\/AdobeStock_269761291-768x513.jpeg 768w, \/wp-content\/uploads\/2021\/03\/AdobeStock_269761291-1536x1025.jpeg 1536w, \/wp-content\/uploads\/2021\/03\/AdobeStock_269761291-2048x1367.jpeg 2048w\" sizes=\"auto, (max-width: 470px) 100vw, 470px\" \/><\/figure>\n<\/div>\n<\/div><\/div>\n\n\n\n<div class=\"wp-block-themeisle-blocks-advanced-columns alignfull has-2-columns has-desktop-equal-layout has-tablet-equal-layout has-mobile-collapsedRows-layout has-nogap-gap has-vertical-center\" id=\"wp-block-themeisle-blocks-advanced-columns-9edca537\"><div class=\"wp-block-themeisle-blocks-advanced-columns-overlay\"><\/div><div class=\"innerblocks-wrap\">\n<div class=\"wp-block-themeisle-blocks-advanced-column\" id=\"wp-block-themeisle-blocks-advanced-column-57650762\">\n<figure class=\"wp-block-image size-large is-resized\"><img loading=\"lazy\" decoding=\"async\" src=\"\/wp-content\/uploads\/2021\/03\/Kompetenzen.jpg\" alt=\"\" class=\"wp-image-465\" width=\"469\" height=\"314\"\/><\/figure>\n<\/div>\n\n\n\n<div class=\"wp-block-themeisle-blocks-advanced-column ticss-44eccd86\" id=\"wp-block-themeisle-blocks-advanced-column-26af2c14\">\n<h3 class=\"wp-block-heading\">Kompetenzen<\/h3>\n\n\n\n<p class=\"has-medium-font-size\"><\/p>\n\n\n\n<p>Unsere fachlichen Schwerpunkte und Kompetenzen liegen in den Bereichen Datenbank-Applikationen, Systemintegration in Enterprise-Umgebungen, Active Directory Dom\u00e4nen und Business Intelligence L\u00f6sungen.<\/p>\n\n\n\n<p>Durch die langj\u00e4hrigen Erfahrungen in der IT und der seit Jahren bestehenden Partnerschaft zu Microsoft, bieten wir Ihnen fundiertes Fachwissen in den Microsoft Softwareentwicklungs-Technologien und Backoffice-Produkten an.<\/p>\n\n\n\n<p>Die Microsoft Partnerschaft besteht seit dem Jahr 2000 und setzt entsprechende Zertifizierungen in den Microsoft-Technologien voraus.<\/p>\n<\/div>\n<\/div><\/div>\n\n\n\n<div class=\"wp-block-themeisle-blocks-advanced-columns alignfull has-2-columns has-desktop-equal-layout has-tablet-equal-layout has-mobile-collapsedRows-layout has-nogap-gap has-vertical-center\" id=\"wp-block-themeisle-blocks-advanced-columns-bae8d64f\"><div class=\"wp-block-themeisle-blocks-advanced-columns-overlay\"><\/div><div class=\"innerblocks-wrap\">\n<div class=\"wp-block-themeisle-blocks-advanced-column\" id=\"wp-block-themeisle-blocks-advanced-column-c05dcc9a\">\n<h3 class=\"has-black-color has-text-color wp-block-heading\">Kunden<\/h3>\n\n\n\n<p>Wir sind zurzeit \u00fcberwiegend f\u00fcr Gro\u00dfkunden aus den Pharma- und Klinikbereichen t\u00e4tig.<\/p>\n\n\n\n<p>Dabei werden die kundenspezifischen Gesch\u00e4ftsprozesse gemeinsam mit dem Kunden erarbeitet und IT-gest\u00fctzte Steuerungen entwickelt.<\/p>\n\n\n\n<p>Langj\u00e4hrige Kundenbeziehungen sehen wir als Beweis f\u00fcr eine gute Zusammenarbeit.<\/p>\n<\/div>\n\n\n\n<div class=\"wp-block-themeisle-blocks-advanced-column\" id=\"wp-block-themeisle-blocks-advanced-column-f82a43c6\">\n<figure class=\"wp-block-image size-large is-resized\"><img loading=\"lazy\" decoding=\"async\" src=\"\/wp-content\/uploads\/2021\/03\/AdobeStock_89345883-1024x651.jpeg\" alt=\"\" class=\"wp-image-429\" width=\"470\" height=\"315\"\/><\/figure>\n<\/div>\n<\/div><\/div>\n\n\n\n<div class=\"wp-block-themeisle-blocks-advanced-columns alignfull has-2-columns has-desktop-equal-layout has-tablet-equal-layout has-mobile-collapsedRows-layout has-nogap-gap has-vertical-center\" id=\"wp-block-themeisle-blocks-advanced-columns-159fb736\"><div class=\"wp-block-themeisle-blocks-advanced-columns-overlay\"><\/div><div class=\"innerblocks-wrap\">\n<div class=\"wp-block-themeisle-blocks-advanced-column\" id=\"wp-block-themeisle-blocks-advanced-column-5d1af69c\">\n<figure class=\"wp-block-image size-large is-resized\"><img loading=\"lazy\" decoding=\"async\" src=\"\/wp-content\/uploads\/2021\/03\/Philosophie_01.jpg\" alt=\"\" class=\"wp-image-464\" width=\"470\" height=\"315\" srcset=\"\/wp-content\/uploads\/2021\/03\/Philosophie_01.jpg 360w, \/wp-content\/uploads\/2021\/03\/Philosophie_01-300x200.jpg 300w\" sizes=\"auto, (max-width: 470px) 100vw, 470px\" \/><\/figure>\n<\/div>\n\n\n\n<div class=\"wp-block-themeisle-blocks-advanced-column ticss-44eccd86\" id=\"wp-block-themeisle-blocks-advanced-column-46ccdbaf\">\n<h3 class=\"wp-block-heading\">Philosophie<\/h3>\n\n\n\n<p class=\"has-medium-font-size\"><\/p>\n\n\n\n<p>Unsere Philosophie folgt dem Prinzip: \u201eErst die Prozesse! Eine technische Realisierung gibt es immer.\u201c<\/p>\n\n\n\n<p>Hohe Qualit\u00e4t, unbedingte Zuverl\u00e4ssigkeit, Kreativit\u00e4t sowie Flexibilit\u00e4t und Termintreue stehen im Mittelpunkt unserer Arbeit.<\/p>\n\n\n\n<p>Unsere Kunden sch\u00e4tzen besonders die strikt anwenderorientierte Vorgehensweise \u201enahe am Kunden\u201c und \u201eeng mit dem Kunden\u201c sowie die Realisierung von Komplettl\u00f6sungen aus einer Hand.<\/p>\n<\/div>\n<\/div><\/div>\n\n\n\n<div class=\"wp-block-themeisle-blocks-advanced-columns alignfull has-2-columns has-desktop-equal-layout has-tablet-equal-layout has-mobile-collapsedRows-layout has-nogap-gap has-vertical-center\" id=\"wp-block-themeisle-blocks-advanced-columns-497301d0\"><div class=\"wp-block-themeisle-blocks-advanced-columns-overlay\"><\/div><div class=\"innerblocks-wrap\">\n<div class=\"wp-block-themeisle-blocks-advanced-column\" id=\"wp-block-themeisle-blocks-advanced-column-3ce74bd2\">\n<h3 class=\"has-black-color has-text-color wp-block-heading\">Gesch\u00e4ftsf\u00fchrer<\/h3>\n\n\n\n<p class=\"has-medium-font-size\"><strong>Dipl. Phys. Patrick Bost<\/strong><\/p>\n\n\n\n<ul style=\"list-style-type:square;list-style-position:outside;\">\n                    <li style=\"margin-left:20px\">Studium der Physik an der Ludwig Maximilians Universit\u00e4t in M\u00fcnchen<\/li>\n                    <li style=\"margin-left:20px\">Nach dem Studium freiberufliche T\u00e4tigkeiten im Netzwerk-Bereich bei Banken und Versicherungen<\/li>\n                    <li style=\"margin-left:20px\">Festanstellung bei Microsoft in Unterschlei\u00dfheim im Bereich Windows 2000, Active Directory<\/li>\n                    <li style=\"margin-left:20px\">Seit M\u00e4rz 1999 Gesch\u00e4ftsf\u00fchrer der Firma Bost-Consult GmbH<\/li>\n                <\/ul>\n<p><\/p>\n\n\n\n<p class=\"has-medium-font-size\"><strong>Dipl. Phys. Gerd Blanke<\/strong><\/p>\n\n\n\n<ul style=\"list-style-type:square;list-style-position:outside;\">\n                    <li style=\"margin-left:20px\">Studium der Physik an der Ludwig Maximilians Universit\u00e4t in M\u00fcnchen<\/li>\n                    <li style=\"margin-left:20px\">Mehrj\u00e4hrige T\u00e4tigkeit als Software-Entwickler in einem gro\u00dfen Systemhaus bei der Erstellung eines verteilten Datenbank-Management-Systems f\u00fcr die Vermittlungstechnik<\/li>\n                    <li style=\"margin-left:20px\">Seit M\u00e4rz 1999 Gesch\u00e4ftsf\u00fchrer der Firma Bost-Consult GmbH<\/li>\n<\/ul>\n<\/div>\n\n\n\n<div class=\"wp-block-themeisle-blocks-advanced-column ticss-018c5ca8\" id=\"wp-block-themeisle-blocks-advanced-column-018c5ca8\"><\/div>\n<\/div><\/div>\n","protected":false},"excerpt":{"rendered":"","protected":false},"author":1,"featured_media":0,"parent":0,"menu_order":0,"comment_status":"closed","ping_status":"closed","template":"page-templates\/template-pagebuilder-full-width.php","meta":{"neve_meta_sidebar":"full-width","neve_meta_container":"","neve_meta_enable_content_width":"on","neve_meta_content_width":100,"neve_meta_title_alignment":"","neve_meta_author_avatar":"","neve_post_elements_order":"","neve_meta_disable_header":"","neve_meta_disable_footer":"","neve_meta_disable_title":"on","_themeisle_gutenberg_block_has_review":false,"footnotes":""},"class_list":["post-61","page","type-page","status-publish","hentry"],"_links":{"self":[{"href":"https:\/\/www.bostconsult.de\/index.php?rest_route=\/wp\/v2\/pages\/61","targetHints":{"allow":["GET"]}}],"collection":[{"href":"https:\/\/www.bostconsult.de\/index.php?rest_route=\/wp\/v2\/pages"}],"about":[{"href":"https:\/\/www.bostconsult.de\/index.php?rest_route=\/wp\/v2\/types\/page"}],"author":[{"embeddable":true,"href":"https:\/\/www.bostconsult.de\/index.php?rest_route=\/wp\/v2\/users\/1"}],"replies":[{"embeddable":true,"href":"https:\/\/www.bostconsult.de\/index.php?rest_route=%2Fwp%2Fv2%2Fcomments&post=61"}],"version-history":[{"count":55,"href":"https:\/\/www.bostconsult.de\/index.php?rest_route=\/wp\/v2\/pages\/61\/revisions"}],"predecessor-version":[{"id":468,"href":"https:\/\/www.bostconsult.de\/index.php?rest_route=\/wp\/v2\/pages\/61\/revisions\/468"}],"wp:attachment":[{"href":"https:\/\/www.bostconsult.de\/index.php?rest_route=%2Fwp%2Fv2%2Fmedia&parent=61"}],"curies":[{"name":"wp","href":"https:\/\/api.w.org\/{rel}","templated":true}]}}